{"id":51,"date":"2022-04-23T09:10:32","date_gmt":"2022-04-23T09:10:32","guid":{"rendered":"https:\/\/holberg-taalinstituut.be\/?page_id=51"},"modified":"2026-03-01T11:17:48","modified_gmt":"2026-03-01T11:17:48","slug":"wat-kost-een-cursus","status":"publish","type":"page","link":"https:\/\/holberg-taalinstituut.be\/?page_id=51","title":{"rendered":"Wat kost een cursus?"},"content":{"rendered":"\t\t<div data-elementor-type=\"wp-page\" data-elementor-id=\"51\" class=\"elementor elementor-51\">\n\t\t\t\t\t\t<section class=\"elementor-section elementor-top-section elementor-element elementor-element-ac98e73 elementor-section-boxed elementor-section-height-default elementor-section-height-default\" data-id=\"ac98e73\" data-element_type=\"section\" data-e-type=\"section\">\n\t\t\t\t\t\t<div class=\"elementor-container elementor-column-gap-default\">\n\t\t\t\t\t<div class=\"elementor-column elementor-col-100 elementor-top-column elementor-element elementor-element-7faf8a7\" data-id=\"7faf8a7\" data-element_type=\"column\" data-e-type=\"column\">\n\t\t\t<div class=\"elementor-widget-wrap elementor-element-populated\">\n\t\t\t\t\t\t<div class=\"elementor-element elementor-element-c8dd603 elementor-widget elementor-widget-text-editor\" data-id=\"c8dd603\" data-element_type=\"widget\" data-e-type=\"widget\" data-widget_type=\"text-editor.default\">\n\t\t\t\t<div class=\"elementor-widget-container\">\n\t\t\t\t\t\t\t\t\t<ul><li><p>U kunt op 3 niveau\u2019s de cursus volgen:<\/p><\/li><li><em><strong>Beginners\u00a0<\/strong><\/em>&#8211; begynnerniv\u00e5 (module 1) &#8211; klassikaal + Zoom<\/li><li><em><strong>Elementair<\/strong><\/em> &#8211; eliment\u00e6rt niv\u00e5 (module 2) &#8211; klassikaal + Zoom<\/li><li><em><strong>Gevorderden<\/strong><\/em><em>\u00a0<\/em>&#8211; viderekomne niv\u00e5 (module 3) &#8211; klassikaal + Zoom<\/li><\/ul><p>Elk niveau is onderverdeeld in deelmodules. U kunt zich per niveau inschrijven of per deelmodule van 10 weken.<\/p><p>Een jaarcursus kost u 371 euro (30 lessen van 90 minuten). Een deelmodule (10 lessen van 90 minuten) kost u 139 euro.<\/p>\t\t\t\t\t\t\t\t<\/div>\n\t\t\t\t<\/div>\n\t\t\t\t\t<\/div>\n\t\t<\/div>\n\t\t\t\t\t<\/div>\n\t\t<\/section>\n\t\t\t\t<\/div>\n\t\t","protected":false},"excerpt":{"rendered":"<p>U kunt op 3 niveau\u2019s de cursus volgen: Beginners\u00a0&#8211; begynnerniv\u00e5 (module 1) &#8211; klassikaal + Zoom Elementair &#8211; eliment\u00e6rt niv\u00e5 (module 2) &#8211; klassikaal + Zoom Gevorderden\u00a0&#8211; viderekomne niv\u00e5 (module 3) &#8211; klassikaal + Zoom Elk niveau is onderverdeeld in deelmodules. U kunt zich per niveau inschrijven of per deelmodule van 10 weken. Een jaarcursus [&hellip;]<\/p>\n","protected":false},"author":1,"featured_media":0,"parent":0,"menu_order":0,"comment_status":"closed","ping_status":"closed","template":"","meta":{"footnotes":""},"class_list":["post-51","page","type-page","status-publish","hentry"],"_links":{"self":[{"href":"https:\/\/holberg-taalinstituut.be\/index.php?rest_route=\/wp\/v2\/pages\/51","targetHints":{"allow":["GET"]}}],"collection":[{"href":"https:\/\/holberg-taalinstituut.be\/index.php?rest_route=\/wp\/v2\/pages"}],"about":[{"href":"https:\/\/holberg-taalinstituut.be\/index.php?rest_route=\/wp\/v2\/types\/page"}],"author":[{"embeddable":true,"href":"https:\/\/holberg-taalinstituut.be\/index.php?rest_route=\/wp\/v2\/users\/1"}],"replies":[{"embeddable":true,"href":"https:\/\/holberg-taalinstituut.be\/index.php?rest_route=%2Fwp%2Fv2%2Fcomments&post=51"}],"version-history":[{"count":17,"href":"https:\/\/holberg-taalinstituut.be\/index.php?rest_route=\/wp\/v2\/pages\/51\/revisions"}],"predecessor-version":[{"id":826,"href":"https:\/\/holberg-taalinstituut.be\/index.php?rest_route=\/wp\/v2\/pages\/51\/revisions\/826"}],"wp:attachment":[{"href":"https:\/\/holberg-taalinstituut.be\/index.php?rest_route=%2Fwp%2Fv2%2Fmedia&parent=51"}],"curies":[{"name":"wp","href":"https:\/\/api.w.org\/{rel}","templated":true}]}}